
{"id":2298,"date":"2024-07-08T10:17:45","date_gmt":"2024-07-08T10:17:45","guid":{"rendered":"https:\/\/buitenplaatsbeekhuizen.nl\/?page_id=2298"},"modified":"2025-01-29T08:27:50","modified_gmt":"2025-01-29T08:27:50","slug":"kulturerlebenisse","status":"publish","type":"page","link":"https:\/\/www.buitenplaatsbeekhuizen.nl\/de\/cultuur-beleven\/","title":{"rendered":"Kulturerlebenisse"},"content":{"rendered":"<div                         class=\"section section-pageheader-detail\">\n                    <img decoding=\"async\" src=\"https:\/\/www.buitenplaatsbeekhuizen.nl\/app\/uploads\/2024\/07\/298d5653-c4cf-4d00-9288-5fd655591cd2.jpg\" alt=\"\"\n                 class=\"background-image\">\n                <div class=\"pageheader-detail\">\n            <div class=\"container\">\n                <div class=\"pageheader-content\">\n                    <div class=\"pageheader-breadcrumbs\">\n                                                    <ul><li><a href=\"https:\/\/www.buitenplaatsbeekhuizen.nl\/de\" class=\"breadcrumb-item\">Home<\/a><\/li><li class=\"separator\">><\/li><li><a class=\"breadcrumb-item active\" href=\"#\">Kulturerlebenisse<\/a><\/li><\/ul>                                            <\/div>\n                                            <div class=\"pageheader-title\">\n                            <h1>Kulturerlebenisse<\/h1>\n                        <\/div>\n                                    <\/div>\n            <\/div>\n\n                                        <div class=\"pageheader-usps-bar\">\n                    <div class=\"usps is-default\">\n                        <ul>\n                                                            <li>\n                                                                            <i class=\"fa-classic fa-solid fa-location-dot usp-icon\"><\/i>\n                                    \n                                                                            <span class=\"usp-text\">Gr\u00fcner Luxus<\/span>\n                                                                    <\/li>\n                                                            <li>\n                                                                            <i class=\"fa-classic fa-brands fa-envira usp-icon\"><\/i>\n                                    \n                                                                            <span class=\"usp-text\">Luxe outdoor ervarig <\/span>\n                                                                    <\/li>\n                                                            <li>\n                                                                            <i class=\"fa-classic fa-solid fa-star usp-icon\"><\/i>\n                                    \n                                                                            <span class=\"usp-text\">Famili\u00e4r<\/span>\n                                                                    <\/li>\n                                                    <\/ul>\n                    <\/div>\n                <\/div>\n                    <\/div>\n    <\/div>\n\n    <div class=\"calendar-holder\">\n        <div class=\"calendar hidden for-detail small-calendar\">\n            <div class=\"calendar-wrapper\">\n                <div class=\"calendar-second hidden\">\n                    <div class=\"inner\">\n                        <div class=\"month-field\">\n                            <a class=\"year-prev\" href=\"\"><i class=\"fa-solid fa-chevron-left\"><\/i><\/a>\n                            <p>2025<\/p>\n                            <a class=\"year-next\" href=\"\"><i class=\"fa-solid fa-chevron-right\"><\/i><\/a>\n                        <\/div>\n                        <div class=\"month-overview\">\n                            <div class=\"month\">\n                                <a href=\"\">Jan<\/a>\n                            <\/div>\n                            <div class=\"month\">\n                                <a href=\"\">Feb<\/a>\n                            <\/div>\n                            <div class=\"month\">\n                                <a href=\"\">Mrt<\/a>\n                            <\/div>\n                            <div class=\"month\">\n                                <a href=\"\">Apr<\/a>\n                            <\/div>\n                            <div class=\"month\">\n                                <a href=\"\">Mei<\/a>\n                            <\/div>\n                            <div class=\"month\">\n                                <a href=\"\">Jun<\/a>\n                            <\/div>\n                            <div class=\"month\">\n                                <a href=\"\">Jul<\/a>\n                            <\/div>\n                            <div class=\"month\">\n                                <a href=\"\">Aug<\/a>\n                            <\/div>\n                            <div class=\"month active\">\n                                <a href=\"\">Sep<\/a>\n                            <\/div>\n                            <div class=\"month\">\n                                <a href=\"\">Okt<\/a>\n                            <\/div>\n                            <div class=\"month\">\n                                <a href=\"\">Nov<\/a>\n                            <\/div>\n                            <div class=\"month\">\n                                <a href=\"\">Dec<\/a>\n                            <\/div>\n                        <\/div>\n                        <div class=\"button-holder\">\n                            <a href=\"\" class=\"button close-calendar-second\">Bevestig<\/a>\n                        <\/div>\n                    <\/div>\n                <\/div>\n                <div class=\"calendar-month\">\n                    <div class=\"calendar-month-heading\">\n                        <a class=\"prev-month\"><i class=\"fa-solid fa-chevron-left\"><\/i><\/a>\n                        <div class=\"open-calendar-link\">\n                            <a href='#months-select' class=\"first-month\"><\/a><i class=\"fa-solid fa-chevron-down months-select-icon\"><\/i>\n                        <\/div>\n                        <a class=\"next-month for-mobile\"><i class=\"fa-solid fa-chevron-right\"><\/i><\/a>\n                    <\/div>\n                    <div class=\"calendar-month-day-names\">\n                        <div class=\"day\">\n                            <span>Ma<\/span>\n                        <\/div>\n                        <div class=\"day\">\n                            <span>Di<\/span>\n                        <\/div>\n                        <div class=\"day\">\n                            <span>Wo<\/span>\n                        <\/div>\n                        <div class=\"day\">\n                            <span>Do<\/span>\n                        <\/div>\n                        <div class=\"day\">\n                            <span>Vr<\/span>\n                        <\/div>\n                        <div class=\"day\">\n                            <span>Za<\/span>\n                        <\/div>\n                        <div class=\"day\">\n                            <span>Zo<\/span>\n                        <\/div>\n                    <\/div>\n                    <div class=\"calendar-month-day-dates first-calendar\">\n\n                    <\/div>\n                <\/div>\n                <div class=\"calendar-month\">\n                    <div class=\"calendar-month-heading\">\n                        <a class=\"next-month\"><i class=\"fa-solid fa-chevron-right\"><\/i><\/a>\n                        <div class=\"open-calendar-link\">\n                            <a href=\"#months-select\" class=\"second-month\"><\/a><i class=\"fa-solid fa-chevron-down months-select-icon\"><\/i>\n                        <\/div>\n                        <a class=\"prev-month same-month-prev\"><i class=\"fa-solid fa-chevron-left\"><\/i><\/a>\n                    <\/div>\n                    <div class=\"calendar-month-day-names\">\n                        <div class=\"day\">\n                            <span>Ma<\/span>\n                        <\/div>\n                        <div class=\"day\">\n                            <span>Di<\/span>\n                        <\/div>\n                        <div class=\"day\">\n                            <span>Wo<\/span>\n                        <\/div>\n                        <div class=\"day\">\n                            <span>Do<\/span>\n                        <\/div>\n                        <div class=\"day\">\n                            <span>Vr<\/span>\n                        <\/div>\n                        <div class=\"day\">\n                            <span>Za<\/span>\n                        <\/div>\n                        <div class=\"day\">\n                            <span>Zo<\/span>\n                        <\/div>\n                    <\/div>\n                    <div class=\"calendar-month-day-dates second-calendar\">\n                    <\/div>\n                <\/div>\n            <\/div>\n\n            <div class=\"legenda\">\n                <div class=\"legenda-item\">\n                    <span class=\"item available\"><\/span>\n                    <span class=\"text\">Beschikbaar<\/span>\n                <\/div>\n                <div class=\"legenda-item\">\n                    <span class=\"item selected\"><\/span>\n                    <span class=\"text\">Selectie<\/span>\n                <\/div>\n                <div class=\"legenda-item\">\n                    <span class=\"item not-available\"><\/span>\n                    <span class=\"text\">Onbeschikbaar<\/span>\n                <\/div>\n                <div class=\"legenda-item\">\n                    <span class=\"item non-arrival-date\"><\/span>\n                    <span class=\"text\">Alleen vertrek<\/span>\n                <\/div>\n                <div class=\"legenda-item\">\n                    <span class=\"item non-arrival-leave-date\"><\/span>\n                    <span class=\"text\">Geen aankomst\/vertrek<\/span>\n                <\/div>\n            <\/div>\n        <\/div>\n    <\/div>\n\n    <div class=\"company-selector is-hidden is-pageheader for-detail\">\n        <div class=\"company-selector-inner\">\n            <div class=\"company-selector-item\">\n                <div class=\"text\">\n                    <p>Volwassenen<\/p>\n                <\/div>\n                <div class=\"selector\">\n                    <i class=\"fa-solid fa-minus selector-icon availability-change-input minus\"><\/i>\n                    <input name=\"adults-counter\" type=\"text\" readonly class=\"selector-input adults-counter\" value=\"2\">\n                    <i class=\"fa-solid fa-plus selector-icon availability-change-input plus\"><\/i>\n                <\/div>\n            <\/div>\n            <div class=\"company-selector-item\">\n                <div class=\"text\">\n                    <p>Kinderen<\/p>\n                    <p class=\"subtitle\">3 &#8211; 17 jaar<\/p>\n                <\/div>\n                <div class=\"selector\">\n                    <i class=\"fa-solid fa-minus selector-icon availability-change-input minus\"><\/i>\n                    <input type=\"text\" name=\"childs-counter\" readonly\n class=\"selector-input childs-counter\"\n                           value=\"0\">\n                    <i class=\"fa-solid fa-plus selector-icon availability-change-input plus\"><\/i>\n                <\/div>\n            <\/div>\n            <div class=\"company-selector-item\">\n                <div class=\"text\">\n                    <p>Baby&#8217;s<\/p>\n                    <p class=\"subtitle\">0 &#8211; 2 jaar<\/p>\n                <\/div>\n                <div class=\"selector\">\n                    <i class=\"fa-solid fa-minus selector-icon availability-change-input minus\"><\/i>\n                    <input name=\"babies-counter\" type=\"text\" readonly\n class=\"selector-input babies-counter\"\n                           value=\"0\">\n                    <i class=\"fa-solid fa-plus selector-icon availability-change-input plus\"><\/i>\n                <\/div>\n            <\/div>\n            <hr class=\"break\"\/>\n            <div class=\"company-selector-item\">\n                <div class=\"text\">\n                    <p>Honden<\/p>\n                    <p class=\"subtitle\">\u20ac 9,50 p.n.<br>Pod max. 1 hond <br>Lodgetent en Forest Cabin max. 2 honden<\/p>\n                <\/div>\n                <div class=\"selector\">\n                    <i class=\"fa-solid fa-minus selector-icon availability-change-input minus\"><\/i>\n                    <input name=\"dogs\" type=\"text\" readonly class=\"selector-input dogs-counter\"\n                           value=\"0\">\n                    <i class=\"fa-solid fa-plus selector-icon availability-change-input plus\"><\/i>\n                <\/div>\n            <\/div>\n            <hr class=\"break\"\/>\n            <br\/>\n            <div class=\"company-selector-button\">\n                <a href=\"#\"\n                   class=\"button black-open select-company-button\">Invullen<\/a>\n            <\/div>\n        <\/div>\n    <\/div>\n\n\n\n\n    <div  class=\"section section-content-image\">\n        <div\n            class=\"content-image has-image-right\">\n            <div class=\"content\">\n                                    <h4>Kr\u00f6ller-M\u00fcller Museum<\/h4>\n<h2>Von Angesicht zu Angesicht \nVincent van Gogh<\/h2>\n<p>Im Kr\u00f6ller-M\u00fcller Museum stehst Du Auge in Auge mit der weltbesten Vincent van Gogh-Sammlung und genie\u00dft Meisterwerke moderner Meister wie Claude Monet, Georges Seurat, Pablo Picasso und Piet Mondriaan. Das Museum ist die Schatzkammer von De Stijl und Futurismus, \u00fcberrascht aber auch mit Ausstellungen zeitgen\u00f6ssischer Kunst.<\/p>\n                                                                            <div class=\"button-holder\">\n                            <a target=\"_blank\" href=\"https:\/\/krollermuller.nl\/\" class=\"button\" rel=\"noopener\">Mehr uber kroller muller<\/a>\n                        <\/div>\n                                                <\/div>\n                            <div class=\"image no-overlay\">\n                                        <div class=\"image-wrapper\">\n                        <img decoding=\"async\" src=\"https:\/\/www.buitenplaatsbeekhuizen.nl\/app\/uploads\/2024\/07\/298d5653-c4cf-4d00-9288-5fd655591cd2.jpg\" alt=\"\">\n                    <\/div>\n                <\/div>\n                    <\/div>\n    <\/div>\n\n\n    <div  class=\"section section-content-image\">\n        <div\n            class=\"content-image has-image-left\">\n            <div class=\"content\">\n                                    <h4>\u00a0Genie\u00dfe ph\u00e4nomenale Aussichten<\/h4>\n<h2>Airborne Museum \nauf der Br\u00fccke<\/h2>\n<p>Mit Blick auf die weltber\u00fchmte John-Frost-Br\u00fccke bietet dieses Museum einen inspirierenden Einblick in die Ereignisse rund um die Schlacht von Arnheim im September 1944 w\u00e4hrend des Zweiten Weltkriegs. Dazu geh\u00f6ren pers\u00f6nliche Geschichten vom britischen Leutnant John Grayburn, dem deutschen Hauptsturmf\u00fchrer Viktor Eberhard Gr\u00e4bner und dem niederl\u00e4ndischen Hauptmann Jacob Groenewoud.<\/p>\n                                                                            <div class=\"button-holder\">\n                            <a target=\"_blank\" href=\"https:\/\/www.airbornemuseum.nl\/\" class=\"button\" rel=\"noopener\">Mehr uber airborne museum<\/a>\n                        <\/div>\n                                                <\/div>\n                            <div class=\"image no-overlay\">\n                                        <div class=\"image-wrapper\">\n                        <img decoding=\"async\" src=\"https:\/\/www.buitenplaatsbeekhuizen.nl\/app\/uploads\/2024\/07\/084f3ae5-e682-4520-95fa-b3f372181dc4.jpg\" alt=\"\">\n                    <\/div>\n                <\/div>\n                    <\/div>\n    <\/div>\n\n\n    <div  class=\"section section-content-image\">\n        <div\n            class=\"content-image has-image-right\">\n            <div class=\"content\">\n                                    <h4>Zur\u00fcck in der Zeit<\/h4>\n<h2>Erlebe die Herrlichkeit von \nSchloss Rosendael<\/h2>\n<p>Schloss Rosendael gibt Dir einen wunderbaren Einblick in das Schlossleben in fr\u00fcheren Zeiten. Das Schloss beherbergt eine bemerkenswerte Sammlung von M\u00f6beln, Silberwaren und Porzellan, die Du bewundern kannst, und ist von einem Park voller Attraktionen umgeben. \n\u2003<\/p>\n                                                                            <div class=\"button-holder\">\n                            <a target=\"_blank\" href=\"https:\/\/www.glk.nl\/rosendael\/kasteel-rosendael\" class=\"button\" rel=\"noopener\">Mehr uber kasteel rosendael<\/a>\n                        <\/div>\n                                                <\/div>\n                            <div class=\"image no-overlay\">\n                                        <div class=\"image-wrapper\">\n                        <img decoding=\"async\" src=\"https:\/\/www.buitenplaatsbeekhuizen.nl\/app\/uploads\/2024\/07\/Kasteel-en-park-Rosendael-9-scaled.jpg\" alt=\"\">\n                    <\/div>\n                <\/div>\n                    <\/div>\n    <\/div>\n\n\n    <div  class=\"section section-content-image\">\n        <div\n            class=\"content-image has-image-left\">\n            <div class=\"content\">\n                                    <h4>Entdecke die Hansestadt Zutphen<\/h4>\n<h2>Galerien, \nalte Geb\u00e4ude \nund Natur<\/h2>\n<p>In der jahrhundertealten Hansestadt Zutphen gibt es viel Kunst und Kultur zu erleben. Hier befinden sich unter anderem Museum und Stadtbauernhof Boer Kip, das B\u00e4ckereimuseum an der Warkense M\u00fchle und mehrere Galerien. Au\u00dferdem ist die Stadt f\u00fcr ihre zahlreichen alten Geb\u00e4ude, T\u00fcrmchen, malerischen Stra\u00dfen und die gr\u00fcne Umgebung bekannt. Genie\u00dfe die IJssel, den Fluss Berkel (der auch mit dem Kanu befahren werden kann) oder den Erholungssee Bronsbergen See.<\/p>\n                                                                            <div class=\"button-holder\">\n                            <a target=\"_blank\" href=\"https:\/\/www.inzutphen.nl\/nl\" class=\"button\" rel=\"noopener\">Mehr uber Zutphen<\/a>\n                        <\/div>\n                                                <\/div>\n                            <div class=\"image no-overlay\">\n                                        <div class=\"image-wrapper\">\n                        <img decoding=\"async\" src=\"https:\/\/www.buitenplaatsbeekhuizen.nl\/app\/uploads\/2024\/07\/Kerk-scaled.jpg\" alt=\"\">\n                    <\/div>\n                <\/div>\n                    <\/div>\n    <\/div>\n\n\n            <div  class=\"section section-content-centerd\">\n            <div class=\"container\">\n                <div class=\"content-centered\">\n                    <h4>Buche Deinen Aufenthalt<\/h4>\n<p>Bist Du bereit f\u00fcr ein luxuri\u00f6ses Outdoor-Erlebnis inmitten des Nationalsparks Veluwezooms? Pr\u00fcfe die Verf\u00fcgbarkeit Deiner Lieblingsunterkunft und buche Deinen Aufenthalt noch heute. Dein Genussmoment beginnt bei Buitenplaats Beekhuizen.<\/p>\n                                                                    <div class=\"button-holder\">\n                            <a target=\"\" href=\"https:\/\/www.buitenplaatsbeekhuizen.nl\/de\/unterkunfte\/\" class=\"button black-open has-arrow-up\">Liste aller Unterkunfte<\/a>\n                        <\/div>\n                                    <\/div>\n            <\/div>\n        <\/div>\n    \n\n    <div  class=\"section section-cta  has-nu-illustration\">\n        <div class=\"container\">\n            <div class=\"cta\">\n                                    <div class=\"cta-image\">\n                        <img decoding=\"async\" src=\"https:\/\/www.buitenplaatsbeekhuizen.nl\/app\/uploads\/2024\/12\/BuitenplaatsBeekhuizenHerfst-MarionStoffels-98-scaled-e1733389137377.jpg\" alt=\"\">\n                    <\/div>\n                                <div class=\"cta-content\">\n                    <div class=\"cta-content-inner\">\n                                                    <h3>Wir sind f\u00fcr Dich da<\/h3>\n<p>Hast Du Fragen oder m\u00f6chtest Du mehr Informationen \u00fcber unseren Park, unsere Ausstattung oder Unterk\u00fcnfte? Unser Team ist jederzeit f\u00fcr Dich da. Nimm Kontakt mit uns auf!<\/p>\n                                                                            <ul class=\"contact-data\">\n                                                                    <li class=\"contact-data-item\">\n                                        <i class=\"fa-solid fa-envelope-open\"><\/i>\n                                        <span class=\"item-text\">\n                                            <a href=\"mailto:info@buitenplaatsbeekhuizen.nl\">info@buitenplaatsbeekhuizen.nl<\/a>\n                                        <\/span>\n                                    <\/li>\n                                                                                                    <li class=\"contact-data-item\">\n                                        <i class=\"fa-solid fa-phone\"><\/i>\n                                        <span class=\"item-text\">\n                                            <a href=\"tel:310262020365\">+31 (0)26 202 03 65<\/a>\n                                        <\/span>\n                                    <\/li>\n                                                            <\/ul>\n                                                                            <div class=\"button-holder\">\n                                <a target=\"\" href=\"https:\/\/www.buitenplaatsbeekhuizen.nl\/de\/kontakt\/\" class=\"button ghost\">Kontakt aufnehmen<\/a>\n                            <\/div>\n                                            <\/div>\n                <\/div>\n            <\/div>\n        <\/div>\n    <\/div>","protected":false},"excerpt":{"rendered":"","protected":false},"author":4,"featured_media":0,"parent":0,"menu_order":0,"comment_status":"closed","ping_status":"closed","template":"","meta":{"_acf_changed":false,"footnotes":""},"class_list":["post-2298","page","type-page","status-publish","hentry"],"acf":[],"_links":{"self":[{"href":"https:\/\/www.buitenplaatsbeekhuizen.nl\/de\/wp-json\/wp\/v2\/pages\/2298","targetHints":{"allow":["GET"]}}],"collection":[{"href":"https:\/\/www.buitenplaatsbeekhuizen.nl\/de\/wp-json\/wp\/v2\/pages"}],"about":[{"href":"https:\/\/www.buitenplaatsbeekhuizen.nl\/de\/wp-json\/wp\/v2\/types\/page"}],"author":[{"embeddable":true,"href":"https:\/\/www.buitenplaatsbeekhuizen.nl\/de\/wp-json\/wp\/v2\/users\/4"}],"replies":[{"embeddable":true,"href":"https:\/\/www.buitenplaatsbeekhuizen.nl\/de\/wp-json\/wp\/v2\/comments?post=2298"}],"version-history":[{"count":5,"href":"https:\/\/www.buitenplaatsbeekhuizen.nl\/de\/wp-json\/wp\/v2\/pages\/2298\/revisions"}],"predecessor-version":[{"id":4382,"href":"https:\/\/www.buitenplaatsbeekhuizen.nl\/de\/wp-json\/wp\/v2\/pages\/2298\/revisions\/4382"}],"wp:attachment":[{"href":"https:\/\/www.buitenplaatsbeekhuizen.nl\/de\/wp-json\/wp\/v2\/media?parent=2298"}],"curies":[{"name":"wp","href":"https:\/\/api.w.org\/{rel}","templated":true}]}}