
{"id":2295,"date":"2024-07-08T10:16:48","date_gmt":"2024-07-08T10:16:48","guid":{"rendered":"https:\/\/buitenplaatsbeekhuizen.nl\/?page_id=2295"},"modified":"2025-11-03T11:55:21","modified_gmt":"2025-11-03T11:55:21","slug":"sport-wellness","status":"publish","type":"page","link":"https:\/\/www.buitenplaatsbeekhuizen.nl\/de\/sport-wellness\/","title":{"rendered":"Sport en wellness"},"content":{"rendered":"<div                         class=\"section section-pageheader-detail\">\n                    <img decoding=\"async\" src=\"https:\/\/www.buitenplaatsbeekhuizen.nl\/app\/uploads\/2024\/06\/BuitenplaatsBeekhuizen-MarionStoffels-417-2-scaled.jpg\" alt=\"\"\n                 class=\"background-image\">\n                <div class=\"pageheader-detail\">\n            <div class=\"container\">\n                <div class=\"pageheader-content\">\n                    <div class=\"pageheader-breadcrumbs\">\n                                                    <ul><li><a href=\"https:\/\/www.buitenplaatsbeekhuizen.nl\/de\" class=\"breadcrumb-item\">Home<\/a><\/li><li class=\"separator\">><\/li><li><a class=\"breadcrumb-item active\" href=\"#\">Sport en wellness<\/a><\/li><\/ul>                                            <\/div>\n                                            <div class=\"pageheader-title\">\n                            <h1>Sport en wellness<\/h1>\n                        <\/div>\n                                    <\/div>\n            <\/div>\n\n                                        <div class=\"pageheader-usps-bar\">\n                    <div class=\"usps is-default\">\n                        <ul>\n                                                            <li>\n                                                                            <i class=\"fa-classic fa-solid fa-location-dot usp-icon\"><\/i>\n                                    \n                                                                            <span class=\"usp-text\">Gr\u00fcner Luxus<\/span>\n                                                                    <\/li>\n                                                            <li>\n                                                                            <i class=\"fa-classic fa-brands fa-envira usp-icon\"><\/i>\n                                    \n                                                                            <span class=\"usp-text\">Luxuri\u00f6ses Outdoor-Erlebnis <\/span>\n                                                                    <\/li>\n                                                            <li>\n                                                                            <i class=\"fa-classic fa-solid fa-star usp-icon\"><\/i>\n                                    \n                                                                            <span class=\"usp-text\">Famili\u00e4r <\/span>\n                                                                    <\/li>\n                                                    <\/ul>\n                    <\/div>\n                <\/div>\n                    <\/div>\n    <\/div>\n\n    <div class=\"calendar-holder\">\n        <div class=\"calendar hidden for-detail small-calendar\">\n            <div class=\"calendar-wrapper\">\n                <div class=\"calendar-second hidden\">\n                    <div class=\"inner\">\n                        <div class=\"month-field\">\n                            <a class=\"year-prev\" href=\"\"><i class=\"fa-solid fa-chevron-left\"><\/i><\/a>\n                            <p>2025<\/p>\n                            <a class=\"year-next\" href=\"\"><i class=\"fa-solid fa-chevron-right\"><\/i><\/a>\n                        <\/div>\n                        <div class=\"month-overview\">\n                            <div class=\"month\">\n                                <a href=\"\">Jan<\/a>\n                            <\/div>\n                            <div class=\"month\">\n                                <a href=\"\">Feb<\/a>\n                            <\/div>\n                            <div class=\"month\">\n                                <a href=\"\">Mrt<\/a>\n                            <\/div>\n                            <div class=\"month\">\n                                <a href=\"\">Apr<\/a>\n                            <\/div>\n                            <div class=\"month\">\n                                <a href=\"\">Mei<\/a>\n                            <\/div>\n                            <div class=\"month\">\n                                <a href=\"\">Jun<\/a>\n                            <\/div>\n                            <div class=\"month\">\n                                <a href=\"\">Jul<\/a>\n                            <\/div>\n                            <div class=\"month\">\n                                <a href=\"\">Aug<\/a>\n                            <\/div>\n                            <div class=\"month active\">\n                                <a href=\"\">Sep<\/a>\n                            <\/div>\n                            <div class=\"month\">\n                                <a href=\"\">Okt<\/a>\n                            <\/div>\n                            <div class=\"month\">\n                                <a href=\"\">Nov<\/a>\n                            <\/div>\n                            <div class=\"month\">\n                                <a href=\"\">Dec<\/a>\n                            <\/div>\n                        <\/div>\n                        <div class=\"button-holder\">\n                            <a href=\"\" class=\"button close-calendar-second\">Bevestig<\/a>\n                        <\/div>\n                    <\/div>\n                <\/div>\n                <div class=\"calendar-month\">\n                    <div class=\"calendar-month-heading\">\n                        <a class=\"prev-month\"><i class=\"fa-solid fa-chevron-left\"><\/i><\/a>\n                        <div class=\"open-calendar-link\">\n                            <a href='#months-select' class=\"first-month\"><\/a><i class=\"fa-solid fa-chevron-down months-select-icon\"><\/i>\n                        <\/div>\n                        <a class=\"next-month for-mobile\"><i class=\"fa-solid fa-chevron-right\"><\/i><\/a>\n                    <\/div>\n                    <div class=\"calendar-month-day-names\">\n                        <div class=\"day\">\n                            <span>Ma<\/span>\n                        <\/div>\n                        <div class=\"day\">\n                            <span>Di<\/span>\n                        <\/div>\n                        <div class=\"day\">\n                            <span>Wo<\/span>\n                        <\/div>\n                        <div class=\"day\">\n                            <span>Do<\/span>\n                        <\/div>\n                        <div class=\"day\">\n                            <span>Vr<\/span>\n                        <\/div>\n                        <div class=\"day\">\n                            <span>Za<\/span>\n                        <\/div>\n                        <div class=\"day\">\n                            <span>Zo<\/span>\n                        <\/div>\n                    <\/div>\n                    <div class=\"calendar-month-day-dates first-calendar\">\n\n                    <\/div>\n                <\/div>\n                <div class=\"calendar-month\">\n                    <div class=\"calendar-month-heading\">\n                        <a class=\"next-month\"><i class=\"fa-solid fa-chevron-right\"><\/i><\/a>\n                        <div class=\"open-calendar-link\">\n                            <a href=\"#months-select\" class=\"second-month\"><\/a><i class=\"fa-solid fa-chevron-down months-select-icon\"><\/i>\n                        <\/div>\n                        <a class=\"prev-month same-month-prev\"><i class=\"fa-solid fa-chevron-left\"><\/i><\/a>\n                    <\/div>\n                    <div class=\"calendar-month-day-names\">\n                        <div class=\"day\">\n                            <span>Ma<\/span>\n                        <\/div>\n                        <div class=\"day\">\n                            <span>Di<\/span>\n                        <\/div>\n                        <div class=\"day\">\n                            <span>Wo<\/span>\n                        <\/div>\n                        <div class=\"day\">\n                            <span>Do<\/span>\n                        <\/div>\n                        <div class=\"day\">\n                            <span>Vr<\/span>\n                        <\/div>\n                        <div class=\"day\">\n                            <span>Za<\/span>\n                        <\/div>\n                        <div class=\"day\">\n                            <span>Zo<\/span>\n                        <\/div>\n                    <\/div>\n                    <div class=\"calendar-month-day-dates second-calendar\">\n                    <\/div>\n                <\/div>\n            <\/div>\n\n            <div class=\"legenda\">\n                <div class=\"legenda-item\">\n                    <span class=\"item available\"><\/span>\n                    <span class=\"text\">Beschikbaar<\/span>\n                <\/div>\n                <div class=\"legenda-item\">\n                    <span class=\"item selected\"><\/span>\n                    <span class=\"text\">Selectie<\/span>\n                <\/div>\n                <div class=\"legenda-item\">\n                    <span class=\"item not-available\"><\/span>\n                    <span class=\"text\">Onbeschikbaar<\/span>\n                <\/div>\n                <div class=\"legenda-item\">\n                    <span class=\"item non-arrival-date\"><\/span>\n                    <span class=\"text\">Alleen vertrek<\/span>\n                <\/div>\n                <div class=\"legenda-item\">\n                    <span class=\"item non-arrival-leave-date\"><\/span>\n                    <span class=\"text\">Geen aankomst\/vertrek<\/span>\n                <\/div>\n            <\/div>\n        <\/div>\n    <\/div>\n\n    <div class=\"company-selector is-hidden is-pageheader for-detail\">\n        <div class=\"company-selector-inner\">\n            <div class=\"company-selector-item\">\n                <div class=\"text\">\n                    <p>Volwassenen<\/p>\n                <\/div>\n                <div class=\"selector\">\n                    <i class=\"fa-solid fa-minus selector-icon availability-change-input minus\"><\/i>\n                    <input name=\"adults-counter\" type=\"text\" readonly class=\"selector-input adults-counter\" value=\"2\">\n                    <i class=\"fa-solid fa-plus selector-icon availability-change-input plus\"><\/i>\n                <\/div>\n            <\/div>\n            <div class=\"company-selector-item\">\n                <div class=\"text\">\n                    <p>Kinderen<\/p>\n                    <p class=\"subtitle\">3 &#8211; 17 jaar<\/p>\n                <\/div>\n                <div class=\"selector\">\n                    <i class=\"fa-solid fa-minus selector-icon availability-change-input minus\"><\/i>\n                    <input type=\"text\" name=\"childs-counter\" readonly\n class=\"selector-input childs-counter\"\n                           value=\"0\">\n                    <i class=\"fa-solid fa-plus selector-icon availability-change-input plus\"><\/i>\n                <\/div>\n            <\/div>\n            <div class=\"company-selector-item\">\n                <div class=\"text\">\n                    <p>Baby&#8217;s<\/p>\n                    <p class=\"subtitle\">0 &#8211; 2 jaar<\/p>\n                <\/div>\n                <div class=\"selector\">\n                    <i class=\"fa-solid fa-minus selector-icon availability-change-input minus\"><\/i>\n                    <input name=\"babies-counter\" type=\"text\" readonly\n class=\"selector-input babies-counter\"\n                           value=\"0\">\n                    <i class=\"fa-solid fa-plus selector-icon availability-change-input plus\"><\/i>\n                <\/div>\n            <\/div>\n            <hr class=\"break\"\/>\n            <div class=\"company-selector-item\">\n                <div class=\"text\">\n                    <p>Honden<\/p>\n                    <p class=\"subtitle\">\u20ac 9,50 p.n.<br>Pod max. 1 hond <br>Lodgetent en Forest Cabin max. 2 honden<\/p>\n                <\/div>\n                <div class=\"selector\">\n                    <i class=\"fa-solid fa-minus selector-icon availability-change-input minus\"><\/i>\n                    <input name=\"dogs\" type=\"text\" readonly class=\"selector-input dogs-counter\"\n                           value=\"0\">\n                    <i class=\"fa-solid fa-plus selector-icon availability-change-input plus\"><\/i>\n                <\/div>\n            <\/div>\n            <hr class=\"break\"\/>\n            <br\/>\n            <div class=\"company-selector-button\">\n                <a href=\"#\"\n                   class=\"button black-open select-company-button\">Invullen<\/a>\n            <\/div>\n        <\/div>\n    <\/div>\n\n\n\n\n    <div  class=\"section section-content-image   is-default has-no-pattern\">\n        <div\n            class=\"content-image has-image-right\">\n            <div class=\"content\">\n                                    <h4>Optimales Vergn\u00fcgen<\/h4>\n<h2>Wellness Resort \ndie Veluwe-Bron<\/h2>\n<p>F\u00fcr einen Tag der totalen Entspannung bist Du beim Wellnessresort \u201eVeluwse bron\u201c in Emst an der richtigen Adresse! Entfliehe der Alltagshektik und g\u00f6nne Dir einen Wellness Tag. Nimm ein Bad in einem der beheizten oder kalten Swimmingpools, entspanne Dich in der Sauna oder lasse in den Ruher\u00e4umen die Seele baumeln.<\/p>\n<p><em>TIPP: Buche bei der Rezeption von Buitenplaats Beekhuizen und profitiere von einem entspannten Rabatt!<\/em><\/p>\n                                                                            <div class=\"button-holder\">\n                            <a target=\"_blank\" href=\"https:\/\/veluwsebron.nl\/\" class=\"button\" rel=\"noopener\">Mehr uber Veluwsebron<\/a>\n                        <\/div>\n                                                <\/div>\n                            <div class=\"image no-overlay\">\n                                        <div class=\"image-wrapper\">\n                        <img decoding=\"async\" src=\"https:\/\/www.buitenplaatsbeekhuizen.nl\/app\/uploads\/2024\/07\/Veluwse-Bron-Zomer-7__FocusFillWyIwLjAwIiwiMC4wMCIsMTkyMCwxMDgwXQ.jpg\" alt=\"\">\n                    <\/div>\n                <\/div>\n                    <\/div>\n    <\/div>\n\n\n    <div             class=\"section section-content-background-image has-no-padding-top-d  not-has-inline-image has-no-illustration\">\n        <div class=\"image-holder\">\n                            <img decoding=\"async\" src=\"https:\/\/www.buitenplaatsbeekhuizen.nl\/app\/uploads\/2025\/10\/BuitenplaatsBeekhuizen-MarionStoffels-420-scaled.jpg\" alt=\"\" class=\"background-image\">\n                        <div class=\"container\">\n                <div class=\"content-holder is-default\">\n                                            <h4>Erlebe das Vergn\u00fcgen in unserem Hottub<\/h4>\n<h2>Hottub unter den B\u00e4umen<\/h2>\n<p>Genie\u00dfe ein paar entspannende Stunden in unserem zentral gelegenen elektrischen Hottub. F\u00fcr 55 \u20ac kannst Du einen Tag lang unseren Hottub in der Natur reservieren (von 13:30 bis 22:00 Uhr). Lehne Dich zur\u00fcck und lasse Deinen Blick \u00fcber die bewaldete Umgebung schweifen.<\/p>\n<p>&nbsp;<\/p>\n                                                                <div class=\"button-holder\">\n                                                                                        <a target=\"_blank\" href=\"https:\/\/www.buitenplaatsbeekhuizen.nl\/de\/account\/?_gl=1*loz88*_gcl_au*MTUzMDAzNjM1MS4xNzM2MTU0NTcw*_ga*MTAwMzcxMzA2Ny4xNzA1MzMyMTI5*_ga_SN12HLBXYG*MTczNjkyNzQ1NS43Mi4xLjE3MzY5Mzc0OTAuNDAuMC4w\" class=\"button\">Bekijk beschikbaarheid in Mijn Omgeving<\/a>\n                                                    <\/div>\n                                                        <\/div>\n                            <\/div>\n        <\/div>\n    <\/div>\n\n\n    <div  class=\"section section-content-image has-no-padding-top-d\">\n        <div\n            class=\"content-image has-image-left\">\n            <div class=\"content\">\n                                    <h4>Mit dem Mountainbike durch den Veluwezoom<\/h4>\n<h2>Abenteuerliche Fahrradrouten<\/h2>\n<p>Lust auf einen aktiven Nachmittag? Entdecke den Nationalpark Veluwezoom mit dem Mountainbike. Der Nationalpark bietet herausfordernde Routen durch unber\u00fchrte Natur mit atemberaubenden Aussichten und einer Vielfalt an Landschaften. Die Veluwezoom ist ein fantastisches Erlebnis f\u00fcr den abenteuerlustigen Radfahrer.<\/p>\n                                                                            <div class=\"button-holder\">\n                            <a target=\"_blank\" href=\"https:\/\/veluweactief.nl\/\" class=\"button\" rel=\"noopener\">ein Mountainbike mieten<\/a>\n                        <\/div>\n                                                <\/div>\n                            <div class=\"image no-overlay\">\n                                        <div class=\"image-wrapper\">\n                        <img decoding=\"async\" src=\"https:\/\/www.buitenplaatsbeekhuizen.nl\/app\/uploads\/2024\/07\/axel-brunst-j9ILlnz2V70-unsplash-scaled.jpg\" alt=\"\">\n                    <\/div>\n                <\/div>\n                    <\/div>\n    <\/div>\n\n\n    <div  class=\"section section-content-image\">\n        <div\n            class=\"content-image has-image-right\">\n            <div class=\"content\">\n                                    <h4>Laufen durch den Veluwezoom Nationalpark<\/h4>\n<h2>Routen und lokale \nLaufveranstaltungen<\/h2>\n<p>F\u00fcr begeisterte L\u00e4ufer lohnt sich ein Besuch des Buitenplaats Beekhuizen auf jeden Fall. In der unmittelbaren Umgebung finden verschiedene Laufveranstaltungen statt, darunter der j\u00e4hrliche Posbank Run. Au\u00dferdem kannst Du beim Laufen wundersch\u00f6ne Naturgebiete entdecken, die alle ihren eigenen Charme haben.<\/p>\n                                                                            <div class=\"button-holder\">\n                            <a target=\"_blank\" href=\"https:\/\/deposbankloop.nl\/\" class=\"button\" rel=\"noopener\">mehr \u00fcber den Posbank-Lauf<\/a>\n                        <\/div>\n                                                <\/div>\n                            <div class=\"image no-overlay\">\n                                        <div class=\"image-wrapper\">\n                        <img decoding=\"async\" src=\"https:\/\/www.buitenplaatsbeekhuizen.nl\/app\/uploads\/2024\/07\/hendrik-morkel-PEuBo_tBHDw-unsplash-scaled.jpg\" alt=\"\">\n                    <\/div>\n                <\/div>\n                    <\/div>\n    <\/div>\n\n\n            <div  class=\"section section-content-centerd  has-no-illustration\">\n            <div class=\"container\">\n                <div class=\"content-centered\">\n                    <h4>Buche Deinen Aufenthalt<\/h4>\n<p>Bist Du bereit f\u00fcr ein luxuri\u00f6ses Outdoor-Erlebnis inmitten des Nationalsparks Veluwezooms? Pr\u00fcfe die Verf\u00fcgbarkeit Deiner Lieblingsunterkunft und buche Deinen Aufenthalt noch heute. Dein Genussmoment beginnt bei Buitenplaats Beekhuizen.<\/p>\n                                                                    <div class=\"button-holder\">\n                            <a target=\"_blank\" href=\"https:\/\/www.buitenplaatsbeekhuizen.nl\/de\/unterkunfte\/\" class=\"button black-open has-arrow-up\">Liste aller Unterkunfte<\/a>\n                        <\/div>\n                                    <\/div>\n            <\/div>\n        <\/div>\n    \n\n    <div  class=\"section section-cta\">\n        <div class=\"container\">\n            <div class=\"cta\">\n                                    <div class=\"cta-image\">\n                        <img decoding=\"async\" src=\"https:\/\/www.buitenplaatsbeekhuizen.nl\/app\/uploads\/2024\/06\/20170501011333_IMG_3398-scaled-e1718960949418.jpg\" alt=\"\">\n                    <\/div>\n                                <div class=\"cta-content\">\n                    <div class=\"cta-content-inner\">\n                                                    <h3>Wir sind f\u00fcr Dich da<\/h3>\n<p>Hast Du Fragen oder m\u00f6chtest Du mehr Informationen \u00fcber unseren Park, unsere Ausstattung oder Unterk\u00fcnfte? Unser Team ist jederzeit f\u00fcr Dich da. Nimm Kontakt mit uns auf!<\/p>\n                                                                            <ul class=\"contact-data\">\n                                                                    <li class=\"contact-data-item\">\n                                        <i class=\"fa-solid fa-envelope-open\"><\/i>\n                                        <span class=\"item-text\">\n                                            <a href=\"mailto:info@buitenplaatsbeekhuizen.nl\">info@buitenplaatsbeekhuizen.nl<\/a>\n                                        <\/span>\n                                    <\/li>\n                                                                                                    <li class=\"contact-data-item\">\n                                        <i class=\"fa-solid fa-phone\"><\/i>\n                                        <span class=\"item-text\">\n                                            <a href=\"tel:310262020365\">+31 (0)26 202 03 65<\/a>\n                                        <\/span>\n                                    <\/li>\n                                                            <\/ul>\n                                                                            <div class=\"button-holder\">\n                                <a target=\"\" href=\"https:\/\/www.buitenplaatsbeekhuizen.nl\/de\/kontakt\/\" class=\"button ghost\">Kontakt aufnehmen<\/a>\n                            <\/div>\n                                            <\/div>\n                <\/div>\n            <\/div>\n        <\/div>\n    <\/div>","protected":false},"excerpt":{"rendered":"","protected":false},"author":4,"featured_media":0,"parent":0,"menu_order":0,"comment_status":"closed","ping_status":"closed","template":"","meta":{"_acf_changed":false,"footnotes":""},"class_list":["post-2295","page","type-page","status-publish","hentry"],"acf":[],"_links":{"self":[{"href":"https:\/\/www.buitenplaatsbeekhuizen.nl\/de\/wp-json\/wp\/v2\/pages\/2295","targetHints":{"allow":["GET"]}}],"collection":[{"href":"https:\/\/www.buitenplaatsbeekhuizen.nl\/de\/wp-json\/wp\/v2\/pages"}],"about":[{"href":"https:\/\/www.buitenplaatsbeekhuizen.nl\/de\/wp-json\/wp\/v2\/types\/page"}],"author":[{"embeddable":true,"href":"https:\/\/www.buitenplaatsbeekhuizen.nl\/de\/wp-json\/wp\/v2\/users\/4"}],"replies":[{"embeddable":true,"href":"https:\/\/www.buitenplaatsbeekhuizen.nl\/de\/wp-json\/wp\/v2\/comments?post=2295"}],"version-history":[{"count":6,"href":"https:\/\/www.buitenplaatsbeekhuizen.nl\/de\/wp-json\/wp\/v2\/pages\/2295\/revisions"}],"predecessor-version":[{"id":5726,"href":"https:\/\/www.buitenplaatsbeekhuizen.nl\/de\/wp-json\/wp\/v2\/pages\/2295\/revisions\/5726"}],"wp:attachment":[{"href":"https:\/\/www.buitenplaatsbeekhuizen.nl\/de\/wp-json\/wp\/v2\/media?parent=2295"}],"curies":[{"name":"wp","href":"https:\/\/api.w.org\/{rel}","templated":true}]}}