
{"id":1345,"date":"2024-07-02T09:33:30","date_gmt":"2024-07-02T09:33:30","guid":{"rendered":"https:\/\/buitenplaatsbeekhuizen.nl\/?page_id=1345"},"modified":"2026-02-10T08:55:11","modified_gmt":"2026-02-10T08:55:11","slug":"nachhaltiges","status":"publish","type":"page","link":"https:\/\/www.buitenplaatsbeekhuizen.nl\/de\/duurzaamheid\/","title":{"rendered":"Nachhaltigkeit"},"content":{"rendered":"<div                         class=\"section section-pageheader-detail\">\n                    <img decoding=\"async\" src=\"https:\/\/www.buitenplaatsbeekhuizen.nl\/app\/uploads\/2024\/07\/Buitenplaats_Juli_2021_GIF-1-14-scaled.jpg\" alt=\"\"\n                 class=\"background-image\">\n                <div class=\"pageheader-detail\">\n            <div class=\"container\">\n                <div class=\"pageheader-content\">\n                    <div class=\"pageheader-breadcrumbs\">\n                                                    <ul><li><a href=\"https:\/\/www.buitenplaatsbeekhuizen.nl\/de\" class=\"breadcrumb-item\">Home<\/a><\/li><li class=\"separator\">><\/li><li><a class=\"breadcrumb-item active\" href=\"#\">Nachhaltigkeit<\/a><\/li><\/ul>                                            <\/div>\n                                            <div class=\"pageheader-title\">\n                            <h1>NACHHALTIGES VERGN\u00dcGEN \nIN DER NATUR<\/h1>\n                        <\/div>\n                                    <\/div>\n            <\/div>\n\n                                        <div class=\"pageheader-usps-bar\">\n                    <div class=\"usps is-default\">\n                        <ul>\n                                                            <li>\n                                                                            <i class=\"fa-classic fa-solid fa-location-dot usp-icon\"><\/i>\n                                    \n                                                                            <span class=\"usp-text\">Gr\u00fcner Luxus<\/span>\n                                                                    <\/li>\n                                                            <li>\n                                                                            <i class=\"fa-classic fa-brands fa-envira usp-icon\"><\/i>\n                                    \n                                                                            <span class=\"usp-text\">Luxuri\u00f6ses Outdoor-Erlebnis <\/span>\n                                                                    <\/li>\n                                                            <li>\n                                                                            <i class=\"fa-classic fa-solid fa-star usp-icon\"><\/i>\n                                    \n                                                                            <span class=\"usp-text\">Famili\u00e4r<\/span>\n                                                                    <\/li>\n                                                    <\/ul>\n                    <\/div>\n                <\/div>\n                    <\/div>\n    <\/div>\n\n    <div class=\"calendar-holder\">\n        <div class=\"calendar hidden for-detail small-calendar\">\n            <div class=\"calendar-wrapper\">\n                <div class=\"calendar-second hidden\">\n                    <div class=\"inner\">\n                        <div class=\"month-field\">\n                            <a class=\"year-prev\" href=\"\"><i class=\"fa-solid fa-chevron-left\"><\/i><\/a>\n                            <p>2025<\/p>\n                            <a class=\"year-next\" href=\"\"><i class=\"fa-solid fa-chevron-right\"><\/i><\/a>\n                        <\/div>\n                        <div class=\"month-overview\">\n                            <div class=\"month\">\n                                <a href=\"\">Jan<\/a>\n                            <\/div>\n                            <div class=\"month\">\n                                <a href=\"\">Feb<\/a>\n                            <\/div>\n                            <div class=\"month\">\n                                <a href=\"\">Mrt<\/a>\n                            <\/div>\n                            <div class=\"month\">\n                                <a href=\"\">Apr<\/a>\n                            <\/div>\n                            <div class=\"month\">\n                                <a href=\"\">Mei<\/a>\n                            <\/div>\n                            <div class=\"month\">\n                                <a href=\"\">Jun<\/a>\n                            <\/div>\n                            <div class=\"month\">\n                                <a href=\"\">Jul<\/a>\n                            <\/div>\n                            <div class=\"month\">\n                                <a href=\"\">Aug<\/a>\n                            <\/div>\n                            <div class=\"month active\">\n                                <a href=\"\">Sep<\/a>\n                            <\/div>\n                            <div class=\"month\">\n                                <a href=\"\">Okt<\/a>\n                            <\/div>\n                            <div class=\"month\">\n                                <a href=\"\">Nov<\/a>\n                            <\/div>\n                            <div class=\"month\">\n                                <a href=\"\">Dec<\/a>\n                            <\/div>\n                        <\/div>\n                        <div class=\"button-holder\">\n                            <a href=\"\" class=\"button close-calendar-second\">Bevestig<\/a>\n                        <\/div>\n                    <\/div>\n                <\/div>\n                <div class=\"calendar-month\">\n                    <div class=\"calendar-month-heading\">\n                        <a class=\"prev-month\"><i class=\"fa-solid fa-chevron-left\"><\/i><\/a>\n                        <div class=\"open-calendar-link\">\n                            <a href='#months-select' class=\"first-month\"><\/a><i class=\"fa-solid fa-chevron-down months-select-icon\"><\/i>\n                        <\/div>\n                        <a class=\"next-month for-mobile\"><i class=\"fa-solid fa-chevron-right\"><\/i><\/a>\n                    <\/div>\n                    <div class=\"calendar-month-day-names\">\n                        <div class=\"day\">\n                            <span>Ma<\/span>\n                        <\/div>\n                        <div class=\"day\">\n                            <span>Di<\/span>\n                        <\/div>\n                        <div class=\"day\">\n                            <span>Wo<\/span>\n                        <\/div>\n                        <div class=\"day\">\n                            <span>Do<\/span>\n                        <\/div>\n                        <div class=\"day\">\n                            <span>Vr<\/span>\n                        <\/div>\n                        <div class=\"day\">\n                            <span>Za<\/span>\n                        <\/div>\n                        <div class=\"day\">\n                            <span>Zo<\/span>\n                        <\/div>\n                    <\/div>\n                    <div class=\"calendar-month-day-dates first-calendar\">\n\n                    <\/div>\n                <\/div>\n                <div class=\"calendar-month\">\n                    <div class=\"calendar-month-heading\">\n                        <a class=\"next-month\"><i class=\"fa-solid fa-chevron-right\"><\/i><\/a>\n                        <div class=\"open-calendar-link\">\n                            <a href=\"#months-select\" class=\"second-month\"><\/a><i class=\"fa-solid fa-chevron-down months-select-icon\"><\/i>\n                        <\/div>\n                        <a class=\"prev-month same-month-prev\"><i class=\"fa-solid fa-chevron-left\"><\/i><\/a>\n                    <\/div>\n                    <div class=\"calendar-month-day-names\">\n                        <div class=\"day\">\n                            <span>Ma<\/span>\n                        <\/div>\n                        <div class=\"day\">\n                            <span>Di<\/span>\n                        <\/div>\n                        <div class=\"day\">\n                            <span>Wo<\/span>\n                        <\/div>\n                        <div class=\"day\">\n                            <span>Do<\/span>\n                        <\/div>\n                        <div class=\"day\">\n                            <span>Vr<\/span>\n                        <\/div>\n                        <div class=\"day\">\n                            <span>Za<\/span>\n                        <\/div>\n                        <div class=\"day\">\n                            <span>Zo<\/span>\n                        <\/div>\n                    <\/div>\n                    <div class=\"calendar-month-day-dates second-calendar\">\n                    <\/div>\n                <\/div>\n            <\/div>\n\n            <div class=\"legenda\">\n                <div class=\"legenda-item\">\n                    <span class=\"item available\"><\/span>\n                    <span class=\"text\">Beschikbaar<\/span>\n                <\/div>\n                <div class=\"legenda-item\">\n                    <span class=\"item selected\"><\/span>\n                    <span class=\"text\">Selectie<\/span>\n                <\/div>\n                <div class=\"legenda-item\">\n                    <span class=\"item not-available\"><\/span>\n                    <span class=\"text\">Onbeschikbaar<\/span>\n                <\/div>\n                <div class=\"legenda-item\">\n                    <span class=\"item non-arrival-date\"><\/span>\n                    <span class=\"text\">Alleen vertrek<\/span>\n                <\/div>\n                <div class=\"legenda-item\">\n                    <span class=\"item non-arrival-leave-date\"><\/span>\n                    <span class=\"text\">Geen aankomst\/vertrek<\/span>\n                <\/div>\n            <\/div>\n        <\/div>\n    <\/div>\n\n    <div class=\"company-selector is-hidden is-pageheader for-detail\">\n        <div class=\"company-selector-inner\">\n            <div class=\"company-selector-item\">\n                <div class=\"text\">\n                    <p>Volwassenen<\/p>\n                <\/div>\n                <div class=\"selector\">\n                    <i class=\"fa-solid fa-minus selector-icon availability-change-input minus\"><\/i>\n                    <input name=\"adults-counter\" type=\"text\" readonly class=\"selector-input adults-counter\" value=\"2\">\n                    <i class=\"fa-solid fa-plus selector-icon availability-change-input plus\"><\/i>\n                <\/div>\n            <\/div>\n            <div class=\"company-selector-item\">\n                <div class=\"text\">\n                    <p>Kinderen<\/p>\n                    <p class=\"subtitle\">3 &#8211; 17 jaar<\/p>\n                <\/div>\n                <div class=\"selector\">\n                    <i class=\"fa-solid fa-minus selector-icon availability-change-input minus\"><\/i>\n                    <input type=\"text\" name=\"childs-counter\" readonly\n class=\"selector-input childs-counter\"\n                           value=\"0\">\n                    <i class=\"fa-solid fa-plus selector-icon availability-change-input plus\"><\/i>\n                <\/div>\n            <\/div>\n            <div class=\"company-selector-item\">\n                <div class=\"text\">\n                    <p>Baby&#8217;s<\/p>\n                    <p class=\"subtitle\">0 &#8211; 2 jaar<\/p>\n                <\/div>\n                <div class=\"selector\">\n                    <i class=\"fa-solid fa-minus selector-icon availability-change-input minus\"><\/i>\n                    <input name=\"babies-counter\" type=\"text\" readonly\n class=\"selector-input babies-counter\"\n                           value=\"0\">\n                    <i class=\"fa-solid fa-plus selector-icon availability-change-input plus\"><\/i>\n                <\/div>\n            <\/div>\n            <hr class=\"break\"\/>\n            <div class=\"company-selector-item\">\n                <div class=\"text\">\n                    <p>Honden<\/p>\n                    <p class=\"subtitle\">\u20ac 9,50 p.n.<br>Pod max. 1 hond <br>Lodgetent en Forest Cabin max. 2 honden<\/p>\n                <\/div>\n                <div class=\"selector\">\n                    <i class=\"fa-solid fa-minus selector-icon availability-change-input minus\"><\/i>\n                    <input name=\"dogs\" type=\"text\" readonly class=\"selector-input dogs-counter\"\n                           value=\"0\">\n                    <i class=\"fa-solid fa-plus selector-icon availability-change-input plus\"><\/i>\n                <\/div>\n            <\/div>\n            <hr class=\"break\"\/>\n            <br\/>\n            <div class=\"company-selector-button\">\n                <a href=\"#\"\n                   class=\"button black-open select-company-button\">Invullen<\/a>\n            <\/div>\n        <\/div>\n    <\/div>\n\n\n\n\n    <div  class=\"section section-content-image has-no-padding-bottom-d   is-default has-no-pattern\">\n        <div\n            class=\"content-image has-image-right\">\n            <div class=\"content\">\n                                    <h4>Engagement f\u00fcr die Natur<\/h4>\n<h2>Gemeinsam genie\u00dfen und \nVerantwortung \u00fcbernehmen<\/h2>\n<p>Gemeinsam die Natur genie\u00dfen und gleichzeitig Verantwortung f\u00fcr ihren Schutz \u00fcbernehmen. Daf\u00fcr setzen wir uns jeden Tag ein. Wir bem\u00fchen uns, unsere Anlage kontinuierlich nachhaltiger zu gestalten, damit wir einen positiven Beitrag zu unserer sch\u00f6nen Umgebung und der lokalen Artenvielfalt leisten k\u00f6nnen.<\/p>\n                                                                            <div class=\"button-holder\">\n                            <a target=\"\" href=\"https:\/\/www.buitenplaatsbeekhuizen.nl\/de\/onze-doelen\/\"\n                                class=\"button\">Lees meer over onze doelen<\/a>\n                        <\/div>\n                                                <\/div>\n                            <div class=\"image no-overlay\">\n                                        <div class=\"image-wrapper\">\n                        <img decoding=\"async\" src=\"https:\/\/www.buitenplaatsbeekhuizen.nl\/app\/uploads\/2024\/07\/20211011_221655-e1720169979800.jpg\" alt=\"\">\n                    <\/div>\n                <\/div>\n                    <\/div>\n    <\/div>\n\n\n    <div  class=\"section section-content-image has-no-padding-bottom-d   is-default has-no-pattern\">\n        <div\n            class=\"content-image has-image-left\">\n            <div class=\"content\">\n                                    <h4>Unser Weg zur Nachhaltigkeit<\/h4>\n<h2>Von Vernachl\u00e4ssigung \nzur Bereicherung<\/h2>\n<p>In 2015 namen wij het verwaarloosde terrein van voormalig Camping Beekhuizen over. Sindsdien hebben we ons ingezet voor het herstel van het landschap en de natuur. Hoewel we al veel bereikt hebben, reikt onze toewijding aan duurzaamheid veel verder dan \u2018alleen\u2019 duurzame inspanningen die voordelig zijn voor ons park en de omgeving. Wij hopen als pionier ook een inspiratiebron te zijn voor jou als gast en anderen in de sector.<\/p>\n                                                                            <div class=\"button-holder\">\n                            <a target=\"_blank\" href=\"https:\/\/www.buitenplaatsbeekhuizen.nl\/de\/recente-stappen\/\"\n                                class=\"button\">Bekijk onze recente stappen<\/a>\n                        <\/div>\n                                                <\/div>\n                            <div class=\"image no-overlay\">\n                                        <div class=\"image-wrapper\">\n                        <img decoding=\"async\" src=\"https:\/\/www.buitenplaatsbeekhuizen.nl\/app\/uploads\/2024\/06\/Beekhuizen-1-juni-2023-Studio-Charissa-18-scaled.jpg\" alt=\"\">\n                    <\/div>\n                <\/div>\n                    <\/div>\n    <\/div>\n\n\n    <div  class=\"section section-content has-no-padding-bottom-d\">\n        <div class=\"container\">\n            <div class=\"content\">\n                                    <h4>Unsere Landschaftsvision<\/h4>\n<h2>Beispiele\nunsere Bem\u00fchungen<\/h2>\n<p>Seit 2015 arbeiten wir an der Wiederherstellung der Landschaft und Natur auf und um die Ferienanlage Buitenplaats Beekhuizen. Landschaftsarchitekten, \u00d6kologen und Nachhaltigkeitsberater sind an dieser Wiederherstellung beteiligt, um sicherzustellen, dass alle \u00c4nderungen im Einklang mit der Umwelt stehen. Einige der Ma\u00dfnahmen, die wir in den letzten Jahren durchgef\u00fchrt haben, sind:<\/p>\n<ul>\n<li>Entfernung des ehemaligen Zauns, um Wildtieren und der Natur mehr Raum zu geben<\/li>\n<li>Ausdehnung des Waldrandes in die Mitte des Gel\u00e4ndes durch Bepflanzung<\/li>\n<li>F\u00f6rderung der Artenvielfalt durch die Pflanzung von mehr als 100 einheimischen B\u00e4umen, Pflanzen und Str\u00e4uchern<\/li>\n<li>Wiederherstellung des Wasserlaufs durch den Bau von Gef\u00e4llestrecken<\/li>\n<li>Zuvor gem\u00e4hter Rasen wurde zu ungem\u00e4htem und kr\u00e4uterreichem Gr\u00fcnland umgewandelt<\/li>\n<li>Onze accommodaties staan op pootjes waardoor bodem en bodemleven ongeschonden blijven<\/li>\n<li>Sparsame Beleuchtung<\/li>\n<li>Autofreies Gel\u00e4nde mit nat\u00fcrlichen Wanderwegen<\/li>\n<\/ul>\n                            <\/div>\n        <\/div>\n    <\/div>\n\n\n    <div  class=\"section section-content-image   is-default has-no-pattern\">\n        <div\n            class=\"content-image has-image-right\">\n            <div class=\"content\">\n                                    <h2>Green Key Gold<\/h2>\n<p>Green Key is het grootste internationale duurzaamheidskeurmerk voor de gastvrijheidssector in Nederland. Bedrijven met een Green Key keurmerk voldoen aan strenge normen binnen 12 duurzaamheidsthema&#8217;s en doen er alles aan om het milieu te sparen. Op 15 februari 2024 hebben wij de keuring doorlopen en is Buitenplaats Beekhuizen gecertificeerd met Green Key Gold. Ook in 2025 is de certificering behaald en vanaf nu worden we om het jaar herkeurd. Zie voor meer informatie de website van <a href=\"http:\/\/greenkey.nl\" target=\"_blank\" rel=\"noopener\">Green Key<\/a>.<\/p>\n                                                                            <div class=\"button-holder\">\n                            <a target=\"_blank\" href=\"https:\/\/buitenplaatsbeekhuizen.nl\/app\/uploads\/2024\/12\/MVO_verklaring_Buitenplaats_Beekhuizen.pdf\" class=\"button\">Siehe die CSR-Erkl\u00e4rung<\/a>\n                        <\/div>\n                                                <\/div>\n                            <div class=\"image no-overlay\">\n                                        <div class=\"image-wrapper\">\n                        <img decoding=\"async\" src=\"https:\/\/www.buitenplaatsbeekhuizen.nl\/app\/uploads\/2024\/12\/Ontwerp-zonder-titel.jpg\" alt=\"\">\n                    <\/div>\n                <\/div>\n                    <\/div>\n    <\/div>","protected":false},"excerpt":{"rendered":"","protected":false},"author":4,"featured_media":0,"parent":0,"menu_order":0,"comment_status":"closed","ping_status":"closed","template":"","meta":{"_acf_changed":false,"footnotes":""},"class_list":["post-1345","page","type-page","status-publish","hentry"],"acf":[],"_links":{"self":[{"href":"https:\/\/www.buitenplaatsbeekhuizen.nl\/de\/wp-json\/wp\/v2\/pages\/1345","targetHints":{"allow":["GET"]}}],"collection":[{"href":"https:\/\/www.buitenplaatsbeekhuizen.nl\/de\/wp-json\/wp\/v2\/pages"}],"about":[{"href":"https:\/\/www.buitenplaatsbeekhuizen.nl\/de\/wp-json\/wp\/v2\/types\/page"}],"author":[{"embeddable":true,"href":"https:\/\/www.buitenplaatsbeekhuizen.nl\/de\/wp-json\/wp\/v2\/users\/4"}],"replies":[{"embeddable":true,"href":"https:\/\/www.buitenplaatsbeekhuizen.nl\/de\/wp-json\/wp\/v2\/comments?post=1345"}],"version-history":[{"count":10,"href":"https:\/\/www.buitenplaatsbeekhuizen.nl\/de\/wp-json\/wp\/v2\/pages\/1345\/revisions"}],"predecessor-version":[{"id":6426,"href":"https:\/\/www.buitenplaatsbeekhuizen.nl\/de\/wp-json\/wp\/v2\/pages\/1345\/revisions\/6426"}],"wp:attachment":[{"href":"https:\/\/www.buitenplaatsbeekhuizen.nl\/de\/wp-json\/wp\/v2\/media?parent=1345"}],"curies":[{"name":"wp","href":"https:\/\/api.w.org\/{rel}","templated":true}]}}